{"id":354,"date":"2016-10-06T12:31:52","date_gmt":"2016-10-06T12:31:52","guid":{"rendered":"http:\/\/localhost\/?page_id=354"},"modified":"2017-10-30T10:43:55","modified_gmt":"2017-10-30T12:43:55","slug":"sobre","status":"publish","type":"page","link":"https:\/\/charlandoespanol.com\/es_ES\/sobre\/","title":{"rendered":"Nosotros"},"content":{"rendered":"<p>[vc_row][vc_column]<div class=\"sc_section aligncenter\"><div class=\"sc_section_inner\"><h3 class=\"sc_section_title sc_item_title sc_item_title_without_descr\">Nosotros<\/h3><h5 class=\"sc_section_subtitle sc_item_subtitle\">Conozca m\u00e1s sobre Charlando Espa\u00f1ol<\/h5><div class=\"sc_section_content_wrap\"><a href=\"<br \/>\nhttps:\/\/www.youtube.com\/watch?v=BizZeMPQZ8M\" class=\"cq-videocover-lightbox\" data-lightbox-gallery=\"\" data-videowidth=\"\" title=\"\"><div class=\"cq-videocover \" data-iconsize=\"\" data-iconbgsize=\"\" data-iconcolor=\"\" data-iconbgcolor=\"\" data-tooltip=\"\" data-iconposition=\"center\"><img src=\"https:\/\/charlandoespanol.com\/wp-content\/uploads\/2016\/10\/bg-sobre-videoyt.jpg\" alt=\"\" class=\"cq-videocover-img square\"  \/><div class=\"cq-videocover-iconcontainer circle icon-center\"><i class=\"cq-videocover-icon fa fa-youtube-play\"><\/i><\/div><\/div><\/a><h4 class=\"sc_title sc_title_regular sc_align_center\" style=\"margin-top: 1.35em;text-align:center;\">Mi pasi\u00f3n<\/h4><div class=\"sc_section\"><div class=\"sc_section_inner\"><div class=\"sc_section_content_wrap\">[vc_column_text]<\/p>\n<div style=\"font-size: 16px; text-align: left;\">\n<p>Soy Charlene Moterle, una enamorada por la vida y por la Lengua Espa\u00f1ola. Me encantan nuevos retos, viajar y cocinar con mis alumnos las comidas t\u00edpicas de los pa\u00edses latinos.<\/p>\n<p>Graduada en Letras Traductor e Int\u00e9rprete en Lengua Espa\u00f1ola, trabajo como profesora de espa\u00f1ol desde 2000. Tengo el Diploma Superior de Espa\u00f1ol Lengua Extranjera (DELE \u2013 C2), del Instituto Cervantes.<\/p>\n<p>Despu\u00e9s de la experiencia de varios a\u00f1os con clases en academias de idiomas con diferentes m\u00e9todos de ense\u00f1anza, tuve la oportunidad de abrir mi propia academia, Charlando Espa\u00f1ol en 2014.<\/p>\n<p>Charlando Espa\u00f1ol naci\u00f3 de la pasi\u00f3n que tengo por la lengua y del deseo de ense\u00f1ar a otras personas, motivada tambi\u00e9n por las experiencias incre\u00edbles que tuve en mi intercambio para Lima, Per\u00fa, realizado en 1999.<\/p>\n<p>Charlar significa conversar, hablar; y esa es la esencia de mi m\u00e9todo de ense\u00f1anza: una academia para realmente aprender el idioma espa\u00f1ol de manera divertida, din\u00e1mica, r\u00e1pida, eficiente y conociendo todos los encantos y la cultura de los pa\u00edses hispanohablantes.<\/p>\n<p>\u00a1Bienvenido al espa\u00f1ol!<\/p>\n<\/div>\n<p>[\/vc_column_text]<\/div><\/div><\/div><\/div><\/div><\/div>[\/vc_column][\/vc_row][vc_row][vc_column width=&#8221;1\/3&#8243;][vc_column_text]<\/p>\n<h4>Nuestra Misi\u00f3n<\/h4>\n<p>Proporcionar una nueva, placentera y productiva experiencia en el aprendizaje de la lengua espa\u00f1ola, contribuyendo para el real objetivo del alumno.[\/vc_column_text][\/vc_column][vc_column width=&#8221;1\/3&#8243;][vc_column_text]<\/p>\n<h4>Nuestra Visi\u00f3n<\/h4>\n<p>Ser referencia en calidad y dinamismo en la ense\u00f1anza de la lengua espa\u00f1ola.[\/vc_column_text][\/vc_column][vc_column width=&#8221;1\/3&#8243;][vc_column_text]<\/p>\n<h4>Nuestros valores<\/h4>\n<p>&#8211; Compromiso<br \/>\n&#8211; \u00c9tica<br \/>\n&#8211; Calidad<br \/>\n&#8211; Pasi\u00f3n<br \/>\n&#8211; Competencia[\/vc_column_text][\/vc_column][\/vc_row][vc_row][vc_column]<div id=\"sc_services_1492250610_wrap\" class=\"sc_services_wrap\"><div id=\"sc_services_1492250610\" class=\"sc_services sc_services_style_services-1 sc_services_type_images  margin_bottom_large\" style=\"width:100%;\"><h3 class=\"sc_services_title sc_item_title sc_item_title_without_descr\">Nuestros Diferenciales<\/h3><h5 class=\"sc_services_subtitle sc_item_subtitle\">\u00bfPor qu\u00e9 estudiar con nosotros?<\/h5><div class=\"sc_columns columns_wrap\"><div class=\"column-1_4 column_padding_bottom\">\t\t\t<div id=\"sc_services_1492250610_1\"\t\t\t\tclass=\"sc_services_item sc_services_item_1 odd first\"\r\n\t\t\t\t>\r\n\t\t\t\t\t\t\t\t\t<div class=\"sc_services_item_featured post_featured\">\r\n\t\t\t\t\t\t\t<div class=\"post_thumb\" data-image=\"\" data-title=\"Clases din\u00e1micas con interacci\u00f3n y conversaci\u00f3n\">\r\n\t<img class=\"wp-post-image\" width=\"370\" height=\"274\" alt=\"diferencial-aulas-dinamicas.jpg\" src=\"https:\/\/charlandoespanol.com\/wp-content\/uploads\/2016\/10\/diferencial-aulas-dinamicas-370x274.jpg\">\t<\/div>\r\n\t\t\t\t\t\t<\/div>\r\n\t\t\t\t\t\t\t\t\t<div class=\"sc_services_item_content\">\r\n\t\t\t\t\t<h4 class=\"sc_services_item_title\">Clases din\u00e1micas con interacci\u00f3n y conversaci\u00f3n<\/h4>\r\n\t\t\t\t\t<div class=\"sc_services_item_description\">\r\n\t\t\t\t\t\t\t\t\t\t\t<\/div>\r\n\t\t\t\t<\/div>\r\n\t\t\t<\/div>\r\n\t\t<\/div><div class=\"column-1_4 column_padding_bottom\">\t\t\t<div id=\"sc_services_1492250610_2\"\t\t\t\tclass=\"sc_services_item sc_services_item_2 even\"\r\n\t\t\t\t>\r\n\t\t\t\t\t\t\t\t\t<div class=\"sc_services_item_featured post_featured\">\r\n\t\t\t\t\t\t\t<div class=\"post_thumb\" data-image=\"\" data-title=\"Clases de cultura y comidas t\u00edpicas\">\r\n\t<img class=\"wp-post-image\" width=\"370\" height=\"274\" alt=\"diferencial-comidas-tipicas.jpg\" src=\"https:\/\/charlandoespanol.com\/wp-content\/uploads\/2016\/10\/diferencial-comidas-tipicas-370x274.jpg\">\t<\/div>\r\n\t\t\t\t\t\t<\/div>\r\n\t\t\t\t\t\t\t\t\t<div class=\"sc_services_item_content\">\r\n\t\t\t\t\t<h4 class=\"sc_services_item_title\">Clases de cultura y comidas t\u00edpicas<\/h4>\r\n\t\t\t\t\t<div class=\"sc_services_item_description\">\r\n\t\t\t\t\t\t\t\t\t\t\t<\/div>\r\n\t\t\t\t<\/div>\r\n\t\t\t<\/div>\r\n\t\t<\/div><div class=\"column-1_4 column_padding_bottom\">\t\t\t<div id=\"sc_services_1492250610_3\"\t\t\t\tclass=\"sc_services_item sc_services_item_3 odd\"\r\n\t\t\t\t>\r\n\t\t\t\t\t\t\t\t\t<div class=\"sc_services_item_featured post_featured\">\r\n\t\t\t\t\t\t\t<div class=\"post_thumb\" data-image=\"\" data-title=\"Grupo con hasta 8 alumnos\">\r\n\t<img class=\"wp-post-image\" width=\"370\" height=\"274\" alt=\"diferencial-turmas.jpg\" src=\"https:\/\/charlandoespanol.com\/wp-content\/uploads\/2016\/10\/diferencial-turmas-370x274.jpg\">\t<\/div>\r\n\t\t\t\t\t\t<\/div>\r\n\t\t\t\t\t\t\t\t\t<div class=\"sc_services_item_content\">\r\n\t\t\t\t\t<h4 class=\"sc_services_item_title\">Grupo con hasta 8 alumnos<\/h4>\r\n\t\t\t\t\t<div class=\"sc_services_item_description\">\r\n\t\t\t\t\t\t\t\t\t\t\t<\/div>\r\n\t\t\t\t<\/div>\r\n\t\t\t<\/div>\r\n\t\t<\/div><div class=\"column-1_4 column_padding_bottom\">\t\t\t<div id=\"sc_services_1492250610_4\"\t\t\t\tclass=\"sc_services_item sc_services_item_4 even\"\r\n\t\t\t\t>\r\n\t\t\t\t\t\t\t\t\t<div class=\"sc_services_item_featured post_featured\">\r\n\t\t\t\t\t\t\t<div class=\"post_thumb\" data-image=\"\" data-title=\"Aulas acogedoras y c\u00f3modas\">\r\n\t<img class=\"wp-post-image\" width=\"370\" height=\"274\" alt=\"diferencial-local.jpg\" src=\"https:\/\/charlandoespanol.com\/wp-content\/uploads\/2016\/10\/diferencial-local-370x274.jpg\">\t<\/div>\r\n\t\t\t\t\t\t<\/div>\r\n\t\t\t\t\t\t\t\t\t<div class=\"sc_services_item_content\">\r\n\t\t\t\t\t<h4 class=\"sc_services_item_title\">Aulas acogedoras y c\u00f3modas<\/h4>\r\n\t\t\t\t\t<div class=\"sc_services_item_description\">\r\n\t\t\t\t\t\t\t\t\t\t\t<\/div>\r\n\t\t\t\t<\/div>\r\n\t\t\t<\/div>\r\n\t\t<\/div><div class=\"column-1_4 column_padding_bottom\">\t\t\t<div id=\"sc_services_1492250610_5\"\t\t\t\tclass=\"sc_services_item sc_services_item_5 odd\"\r\n\t\t\t\t>\r\n\t\t\t\t\t\t\t\t\t<div class=\"sc_services_item_featured post_featured\">\r\n\t\t\t\t\t\t\t<div class=\"post_thumb\" data-image=\"\" data-title=\"Material did\u00e1ctico importado\">\r\n\t<img class=\"wp-post-image\" width=\"370\" height=\"274\" alt=\"diferencial-material.jpg\" src=\"https:\/\/charlandoespanol.com\/wp-content\/uploads\/2016\/10\/diferencial-material-370x274.jpg\">\t<\/div>\r\n\t\t\t\t\t\t<\/div>\r\n\t\t\t\t\t\t\t\t\t<div class=\"sc_services_item_content\">\r\n\t\t\t\t\t<h4 class=\"sc_services_item_title\">Material did\u00e1ctico importado<\/h4>\r\n\t\t\t\t\t<div class=\"sc_services_item_description\">\r\n\t\t\t\t\t\t\t\t\t\t\t<\/div>\r\n\t\t\t\t<\/div>\r\n\t\t\t<\/div>\r\n\t\t<\/div><div class=\"column-1_4 column_padding_bottom\">\t\t\t<div id=\"sc_services_1492250610_6\"\t\t\t\tclass=\"sc_services_item sc_services_item_6 even\"\r\n\t\t\t\t>\r\n\t\t\t\t\t\t\t\t\t<div class=\"sc_services_item_featured post_featured\">\r\n\t\t\t\t\t\t\t<div class=\"post_thumb\" data-image=\"\" data-title=\"Profesor con graduaci\u00f3n y cursos en el exterior\">\r\n\t<img class=\"wp-post-image\" width=\"370\" height=\"274\" alt=\"diferencial-professor.jpg\" src=\"https:\/\/charlandoespanol.com\/wp-content\/uploads\/2016\/10\/diferencial-professor-370x274.jpg\">\t<\/div>\r\n\t\t\t\t\t\t<\/div>\r\n\t\t\t\t\t\t\t\t\t<div class=\"sc_services_item_content\">\r\n\t\t\t\t\t<h4 class=\"sc_services_item_title\">Profesor con graduaci\u00f3n y cursos en el exterior<\/h4>\r\n\t\t\t\t\t<div class=\"sc_services_item_description\">\r\n\t\t\t\t\t\t\t\t\t\t\t<\/div>\r\n\t\t\t\t<\/div>\r\n\t\t\t<\/div>\r\n\t\t<\/div><div class=\"column-1_4 column_padding_bottom\">\t\t\t<div id=\"sc_services_1492250610_7\"\t\t\t\tclass=\"sc_services_item sc_services_item_7 odd\"\r\n\t\t\t\t>\r\n\t\t\t\t\t\t\t\t\t<div class=\"sc_services_item_featured post_featured\">\r\n\t\t\t\t\t\t\t<div class=\"post_thumb\" data-image=\"\" data-title=\"No paga para inscribirse\">\r\n\t<img class=\"wp-post-image\" width=\"370\" height=\"274\" alt=\"diferencial-sem-taxa.jpg\" src=\"https:\/\/charlandoespanol.com\/wp-content\/uploads\/2016\/10\/diferencial-sem-taxa-370x274.jpg\">\t<\/div>\r\n\t\t\t\t\t\t<\/div>\r\n\t\t\t\t\t\t\t\t\t<div class=\"sc_services_item_content\">\r\n\t\t\t\t\t<h4 class=\"sc_services_item_title\">No paga para inscribirse<\/h4>\r\n\t\t\t\t\t<div class=\"sc_services_item_description\">\r\n\t\t\t\t\t\t\t\t\t\t\t<\/div>\r\n\t\t\t\t<\/div>\r\n\t\t\t<\/div>\r\n\t\t<\/div><div class=\"column-1_4 column_padding_bottom\">\t\t\t<div id=\"sc_services_1492250610_8\"\t\t\t\tclass=\"sc_services_item sc_services_item_8 even\"\r\n\t\t\t\t>\r\n\t\t\t\t\t\t\t\t\t<div class=\"sc_services_item_featured post_featured\">\r\n\t\t\t\t\t\t\t<div class=\"post_thumb\" data-image=\"\" data-title=\"Viajes a pa\u00edses latinos\">\r\n\t<img class=\"wp-post-image\" width=\"370\" height=\"274\" alt=\"diferencial-viajem.jpg\" src=\"https:\/\/charlandoespanol.com\/wp-content\/uploads\/2016\/10\/diferencial-viajem-370x274.jpg\">\t<\/div>\r\n\t\t\t\t\t\t<\/div>\r\n\t\t\t\t\t\t\t\t\t<div class=\"sc_services_item_content\">\r\n\t\t\t\t\t<h4 class=\"sc_services_item_title\">Viajes a pa\u00edses latinos<\/h4>\r\n\t\t\t\t\t<div class=\"sc_services_item_description\">\r\n\t\t\t\t\t\t\t\t\t\t\t<\/div>\r\n\t\t\t\t<\/div>\r\n\t\t\t<\/div>\r\n\t\t<\/div><\/div><\/div><!-- \/.sc_services --><\/div><!-- \/.sc_services_wrap -->[\/vc_column][\/vc_row][vc_row][vc_column css=&#8221;.vc_custom_1498518851087{margin-top: -100px !important;margin-bottom: 1.3rem !important;}&#8221;]<div id=\"sc_services_1911369210_wrap\" class=\"sc_services_wrap\"><div id=\"sc_services_1911369210\" class=\"sc_services sc_services_style_services-1 sc_services_type_images \" style=\"width:100%;\"><h3 class=\"sc_services_title sc_item_title sc_item_title_without_descr\">Nuestros Cursos<\/h3><h5 class=\"sc_services_subtitle sc_item_subtitle\">Para nivel iniciante, intermediario y avanzado<\/h5><div class=\"sc_columns columns_wrap\"><div class=\"column-1_3 column_padding_bottom\">\t\t\t<div id=\"sc_services_1911369210_1\"\t\t\t\tclass=\"sc_services_item sc_services_item_1 odd first\"\r\n\t\t\t\t>\r\n\t\t\t\t\t\t\t\t\t<div class=\"sc_services_item_featured post_featured\">\r\n\t\t\t\t\t\t\t<div class=\"post_thumb\" data-image=\"https:\/\/charlandoespanol.com\/wp-content\/uploads\/2017\/08\/curso-lingua-espanhola-2.jpg\" data-title=\"Cursos de Lengua Espa\u00f1ola\">\r\n\t<a class=\"hover_icon hover_icon_link\" href=\"https:\/\/charlandoespanol.com\/es_ES\/services\/cursos-de-lengua-espanola\/\"><img class=\"wp-post-image\" width=\"370\" height=\"274\" alt=\"Cursos de Lengua Espa\u00f1ola\" src=\"https:\/\/charlandoespanol.com\/wp-content\/uploads\/2017\/08\/curso-lingua-espanhola-2-370x274.jpg\"><\/a>\t<\/div>\r\n\t\t\t\t\t\t<\/div>\r\n\t\t\t\t\t\t\t\t\t<div class=\"sc_services_item_content\">\r\n\t\t\t\t\t<h4 class=\"sc_services_item_title\"><a href=\"https:\/\/charlandoespanol.com\/es_ES\/services\/cursos-de-lengua-espanola\/\">Cursos de Lengua Espa\u00f1ola<\/a><\/h4>\r\n\t\t\t\t\t<div class=\"sc_services_item_description\">\r\n\t\t\t\t\t\t<p>B\u00e1sico, intermediario y avanzado Si quieres aprender Espa\u00f1ol de manera r\u00e1pida, din\u00e1mica y divertida, con un vocabulario amplio y que te ayudar\u00e1 a...<\/p>\t\t\t\t\t<\/div>\r\n\t\t\t\t<\/div>\r\n\t\t\t<\/div>\r\n\t\t<\/div><div class=\"column-1_3 column_padding_bottom\">\t\t\t<div id=\"sc_services_1911369210_2\"\t\t\t\tclass=\"sc_services_item sc_services_item_2 even\"\r\n\t\t\t\t>\r\n\t\t\t\t\t\t\t\t\t<div class=\"sc_services_item_featured post_featured\">\r\n\t\t\t\t\t\t\t<div class=\"post_thumb\" data-image=\"https:\/\/charlandoespanol.com\/wp-content\/uploads\/2016\/10\/curso-aulas-skype.jpg\" data-title=\"Clases por Skype\">\r\n\t<a class=\"hover_icon hover_icon_link\" href=\"https:\/\/charlandoespanol.com\/es_ES\/services\/clases-por-skype\/\"><img class=\"wp-post-image\" width=\"370\" height=\"274\" alt=\"Clases por Skype\" src=\"https:\/\/charlandoespanol.com\/wp-content\/uploads\/2016\/10\/curso-aulas-skype-370x274.jpg\"><\/a>\t<\/div>\r\n\t\t\t\t\t\t<\/div>\r\n\t\t\t\t\t\t\t\t\t<div class=\"sc_services_item_content\">\r\n\t\t\t\t\t<h4 class=\"sc_services_item_title\"><a href=\"https:\/\/charlandoespanol.com\/es_ES\/services\/clases-por-skype\/\">Clases por Skype<\/a><\/h4>\r\n\t\t\t\t\t<div class=\"sc_services_item_description\">\r\n\t\t\t\t\t\t<p>B\u00e1sico, Intermediario y Avanzado \u00bfAprender Espa\u00f1ol sin salir de casa? \u00a1Esa es la propuesta de las clases por Skype! Este es el formato ideal para...<\/p>\t\t\t\t\t<\/div>\r\n\t\t\t\t<\/div>\r\n\t\t\t<\/div>\r\n\t\t<\/div><div class=\"column-1_3 column_padding_bottom\">\t\t\t<div id=\"sc_services_1911369210_3\"\t\t\t\tclass=\"sc_services_item sc_services_item_3 odd\"\r\n\t\t\t\t>\r\n\t\t\t\t\t\t\t\t\t<div class=\"sc_services_item_featured post_featured\">\r\n\t\t\t\t\t\t\t<div class=\"post_thumb\" data-image=\"https:\/\/charlandoespanol.com\/wp-content\/uploads\/2016\/10\/curso-aulas-particulares.jpg\" data-title=\"Clases Particulares\">\r\n\t<a class=\"hover_icon hover_icon_link\" href=\"https:\/\/charlandoespanol.com\/es_ES\/services\/clases-particulares\/\"><img class=\"wp-post-image\" width=\"370\" height=\"274\" alt=\"Clases Particulares\" src=\"https:\/\/charlandoespanol.com\/wp-content\/uploads\/2016\/10\/curso-aulas-particulares-370x274.jpg\"><\/a>\t<\/div>\r\n\t\t\t\t\t\t<\/div>\r\n\t\t\t\t\t\t\t\t\t<div class=\"sc_services_item_content\">\r\n\t\t\t\t\t<h4 class=\"sc_services_item_title\"><a href=\"https:\/\/charlandoespanol.com\/es_ES\/services\/clases-particulares\/\">Clases Particulares<\/a><\/h4>\r\n\t\t\t\t\t<div class=\"sc_services_item_description\">\r\n\t\t\t\t\t\t<p>B\u00e1sico, Intermediario y Avanzado \u00bfEl tiempo est\u00e1 corto? \u00bfMucho apuro? \u00bfTienes un objetivo espec\u00edfico con la lengua espa\u00f1ola? Si la respuesta fue...<\/p>\t\t\t\t\t<\/div>\r\n\t\t\t\t<\/div>\r\n\t\t\t<\/div>\r\n\t\t<\/div><div class=\"column-1_3 column_padding_bottom\">\t\t\t<div id=\"sc_services_1911369210_4\"\t\t\t\tclass=\"sc_services_item sc_services_item_4 even\"\r\n\t\t\t\t>\r\n\t\t\t\t\t\t\t\t\t<div class=\"sc_services_item_featured post_featured\">\r\n\t\t\t\t\t\t\t<div class=\"post_thumb\" data-image=\"https:\/\/charlandoespanol.com\/wp-content\/uploads\/2016\/10\/curso-conversacao.jpg\" data-title=\"Curso de Conversaci\u00f3n\">\r\n\t<a class=\"hover_icon hover_icon_link\" href=\"https:\/\/charlandoespanol.com\/es_ES\/services\/curso-de-conversacion\/\"><img class=\"wp-post-image\" width=\"370\" height=\"274\" alt=\"Curso de Conversaci\u00f3n\" src=\"https:\/\/charlandoespanol.com\/wp-content\/uploads\/2016\/10\/curso-conversacao-370x274.jpg\"><\/a>\t<\/div>\r\n\t\t\t\t\t\t<\/div>\r\n\t\t\t\t\t\t\t\t\t<div class=\"sc_services_item_content\">\r\n\t\t\t\t\t<h4 class=\"sc_services_item_title\"><a href=\"https:\/\/charlandoespanol.com\/es_ES\/services\/curso-de-conversacion\/\">Curso de Conversaci\u00f3n<\/a><\/h4>\r\n\t\t\t\t\t<div class=\"sc_services_item_description\">\r\n\t\t\t\t\t\t<p>Como todo nuevo conocimiento, el aprendizaje de un segundo idioma tambi\u00e9n requiere mucho entreno y pr\u00e1ctica para no ser olvidado. Por eso, si ya...<\/p>\t\t\t\t\t<\/div>\r\n\t\t\t\t<\/div>\r\n\t\t\t<\/div>\r\n\t\t<\/div><div class=\"column-1_3 column_padding_bottom\">\t\t\t<div id=\"sc_services_1911369210_5\"\t\t\t\tclass=\"sc_services_item sc_services_item_5 odd\"\r\n\t\t\t\t>\r\n\t\t\t\t\t\t\t\t\t<div class=\"sc_services_item_featured post_featured\">\r\n\t\t\t\t\t\t\t<div class=\"post_thumb\" data-image=\"https:\/\/charlandoespanol.com\/wp-content\/uploads\/2017\/08\/curso-preparatorio-para-concursos.jpg\" data-title=\"Preparatorio para Concursos\">\r\n\t<a class=\"hover_icon hover_icon_link\" href=\"https:\/\/charlandoespanol.com\/es_ES\/services\/preparatorio-para-concursos-2\/\"><img class=\"wp-post-image\" width=\"370\" height=\"274\" alt=\"Preparatorio para Concursos\" src=\"https:\/\/charlandoespanol.com\/wp-content\/uploads\/2017\/08\/curso-preparatorio-para-concursos-370x274.jpg\"><\/a>\t<\/div>\r\n\t\t\t\t\t\t<\/div>\r\n\t\t\t\t\t\t\t\t\t<div class=\"sc_services_item_content\">\r\n\t\t\t\t\t<h4 class=\"sc_services_item_title\"><a href=\"https:\/\/charlandoespanol.com\/es_ES\/services\/preparatorio-para-concursos-2\/\">Preparatorio para Concursos<\/a><\/h4>\r\n\t\t\t\t\t<div class=\"sc_services_item_description\">\r\n\t\t\t\t\t\t<p>Ser un funcionario p\u00fablico es el reto de miles de personas y, por eso la competencia es grande y la dedicaci\u00f3n a los estudios es fundamental...<\/p>\t\t\t\t\t<\/div>\r\n\t\t\t\t<\/div>\r\n\t\t\t<\/div>\r\n\t\t<\/div><div class=\"column-1_3 column_padding_bottom\">\t\t\t<div id=\"sc_services_1911369210_6\"\t\t\t\tclass=\"sc_services_item sc_services_item_6 even\"\r\n\t\t\t\t>\r\n\t\t\t\t\t\t\t\t\t<div class=\"sc_services_item_featured post_featured\">\r\n\t\t\t\t\t\t\t<div class=\"post_thumb\" data-image=\"https:\/\/charlandoespanol.com\/wp-content\/uploads\/2017\/08\/traducao-e-versao.png\" data-title=\"Traducci\u00f3n y Versi\u00f3n\">\r\n\t<a class=\"hover_icon hover_icon_link\" href=\"https:\/\/charlandoespanol.com\/es_ES\/services\/traduccion-y-version\/\"><img class=\"wp-post-image\" width=\"370\" height=\"274\" alt=\"Traducci\u00f3n y Versi\u00f3n\" src=\"https:\/\/charlandoespanol.com\/wp-content\/uploads\/2017\/08\/traducao-e-versao-370x274.png\"><\/a>\t<\/div>\r\n\t\t\t\t\t\t<\/div>\r\n\t\t\t\t\t\t\t\t\t<div class=\"sc_services_item_content\">\r\n\t\t\t\t\t<h4 class=\"sc_services_item_title\"><a href=\"https:\/\/charlandoespanol.com\/es_ES\/services\/traduccion-y-version\/\">Traducci\u00f3n y Versi\u00f3n<\/a><\/h4>\r\n\t\t\t\t\t<div class=\"sc_services_item_description\">\r\n\t\t\t\t\t\t<p>En un mundo cada vez m\u00e1s biling\u00fce, rutineramente nos deparamos con la exigencia de redactar materiales en un segundo idioma adem\u00e1s del portugu\u00e9s...<\/p>\t\t\t\t\t<\/div>\r\n\t\t\t\t<\/div>\r\n\t\t\t<\/div>\r\n\t\t<\/div><\/div><\/div><!-- \/.sc_services --><\/div><!-- \/.sc_services_wrap -->[\/vc_column][\/vc_row]<\/p>\n","protected":false},"excerpt":{"rendered":"<p>[vc_row][vc_column][\/vc_column][\/vc_row][vc_row][vc_column width=&#8221;1\/3&#8243;][vc_column_text] Nossa Miss\u00e3o Proporcionar uma nova, prazerosa e produtiva experi\u00eancia no aprendizado da l\u00edngua espanhola, contribuindo para o real objetivo do aluno.[\/vc_column_text][\/vc_column][vc_column width=&#8221;1\/3&#8243;][vc_column_text] Nossa Vis\u00e3o Ser refer\u00eancia em qualidade e dinamismo no ensino da l\u00edngua espanhol.[\/vc_column_text][\/vc_column][vc_column width=&#8221;1\/3&#8243;][vc_column_text] Nossos Valores &#8211; Comprometimento &#8211; \u00c9tica &#8211; Qualidade &#8211; Paix\u00e3o &#8211; Compet\u00eancia[\/vc_column_text][\/vc_column][\/vc_row][vc_row][vc_column][\/vc_column][\/vc_row][vc_row][vc_column css=&#8221;.vc_custom_1498518851087{margin-top: -100px !important;margin-bottom: 1.3rem !important;}&#8221;][\/vc_column][\/vc_row]<\/p>\n","protected":false},"author":3,"featured_media":0,"parent":0,"menu_order":0,"comment_status":"closed","ping_status":"closed","template":"","meta":{"_monsterinsights_skip_tracking":false,"_monsterinsights_sitenote_active":false,"_monsterinsights_sitenote_note":"","_monsterinsights_sitenote_category":0},"_links":{"self":[{"href":"https:\/\/charlandoespanol.com\/es_ES\/wp-json\/wp\/v2\/pages\/354"}],"collection":[{"href":"https:\/\/charlandoespanol.com\/es_ES\/wp-json\/wp\/v2\/pages"}],"about":[{"href":"https:\/\/charlandoespanol.com\/es_ES\/wp-json\/wp\/v2\/types\/page"}],"author":[{"embeddable":true,"href":"https:\/\/charlandoespanol.com\/es_ES\/wp-json\/wp\/v2\/users\/3"}],"replies":[{"embeddable":true,"href":"https:\/\/charlandoespanol.com\/es_ES\/wp-json\/wp\/v2\/comments?post=354"}],"version-history":[{"count":96,"href":"https:\/\/charlandoespanol.com\/es_ES\/wp-json\/wp\/v2\/pages\/354\/revisions"}],"predecessor-version":[{"id":1508,"href":"https:\/\/charlandoespanol.com\/es_ES\/wp-json\/wp\/v2\/pages\/354\/revisions\/1508"}],"wp:attachment":[{"href":"https:\/\/charlandoespanol.com\/es_ES\/wp-json\/wp\/v2\/media?parent=354"}],"curies":[{"name":"wp","href":"https:\/\/api.w.org\/{rel}","templated":true}]}}